{"id":747,"date":"2021-01-21T22:00:35","date_gmt":"2021-01-21T22:00:35","guid":{"rendered":"https:\/\/pymegroup.cl\/?page_id=747"},"modified":"2021-02-02T21:15:19","modified_gmt":"2021-02-02T21:15:19","slug":"partner","status":"publish","type":"page","link":"https:\/\/pymegroup.cl\/index.php\/partner\/","title":{"rendered":"Partner"},"content":{"rendered":"<p>[vc_row][vc_column width=\u00bb1\/2&#8243;][vc_single_image image=\u00bb551&#8243; img_size=\u00bb250&#8243; alignment=\u00bbcenter\u00bb style=\u00bbvc_box_shadow\u00bb css_animation=\u00bbfadeInLeft\u00bb css=\u00bb.vc_custom_1611619345912{padding-top: 40px !important;}\u00bb][\/vc_column][vc_column width=\u00bb1\/2&#8243;][vc_column_text css_animation=\u00bbfadeInRight\u00bb]<\/p>\n<h4 dir=\"ltr\"><span style=\"color: #212121; font-size: 1.563em; font-family: 'Helvetica Neue', Helvetica, Roboto, Arial, sans-serif;\">Dlivery<\/span><\/h4>\n<p>Nuestro servicio de delivery est\u00e1 creado y destinado hacia el apoyo de la log\u00edstica a las pymes de Santiago de Chile, que por distintas razones han visto afectadas sus ventas producto de la contingencia pa\u00eds.<\/p>\n<p>En este contexto hemos creado dlivery.cl para distribuir y abastecer distintos comercios dentro de Santiago, y lo mejor de todo es que hemos adaptado tambi\u00e9n nuestro precios al de mercado, pero dando un valor agregado al tiempo de respuesta al llegar en menos de 36 horas al cliente final, aunque el esfuerzo sigue siendo a 24 hrs promedio.[\/vc_column_text][vc_btn title=\u00bbVER M\u00c1S\u00bb style=\u00bbgradient-custom\u00bb gradient_custom_color_1=\u00bb#e21b61&#8243; gradient_custom_color_2=\u00bb#ce1849&#8243; link=\u00bburl:https%3A%2F%2Fdlivery.cl%2F\u00bb][\/vc_column][\/vc_row][vc_row vc_row_background=\u00bb\u00bb css=\u00bb.vc_custom_1611618743909{padding-top: 0px !important;background-color: #f4f4f4 !important;}\u00bb][vc_column width=\u00bb1\/2&#8243;][vc_single_image image=\u00bb554&#8243; img_size=\u00bb250&#8243; alignment=\u00bbcenter\u00bb style=\u00bbvc_box_shadow\u00bb css_animation=\u00bbfadeInLeft\u00bb css=\u00bb.vc_custom_1611619374853{padding-top: 55px !important;}\u00bb][\/vc_column][vc_column width=\u00bb1\/2&#8243;][vc_column_text css_animation=\u00bbfadeInRight\u00bb]<\/p>\n<h4 dir=\"ltr\"><span style=\"color: #212121; font-size: 1.563em; font-family: 'Helvetica Neue', Helvetica, Roboto, Arial, sans-serif;\">RVD Contabilidad &amp; Outsourcing<\/span><\/h4>\n<p>En RVD Contabilidad y Outsourcing asumimos con pasi\u00f3n un compromiso real con nuestros clientes entregando servicios contables, tributarios y jur\u00eddicos que permiten fortalecer su control y lograr su potencial. Este compromiso tiene como fundamento un enfoque centrado en nuestros clientes y orientado a sus necesidades espec\u00edficas. Agregamos valor para mejorar los procesos y estrategias m\u00e1s relevantes en la operaci\u00f3n de sus negocios, con el fin de incrementar su rentabilidad y mejorar su desempe\u00f1o.[\/vc_column_text][vc_btn title=\u00bbVER M\u00c1S\u00bb style=\u00bbgradient-custom\u00bb gradient_custom_color_1=\u00bb#e21b61&#8243; gradient_custom_color_2=\u00bb#ce1849&#8243; link=\u00bburl:https%3A%2F%2Fdlivery.cl%2F\u00bb][\/vc_column][\/vc_row][vc_row][vc_column width=\u00bb1\/2&#8243;][vc_single_image image=\u00bb548&#8243; img_size=\u00bb250&#8243; alignment=\u00bbcenter\u00bb style=\u00bbvc_box_shadow\u00bb css_animation=\u00bbfadeInLeft\u00bb css=\u00bb.vc_custom_1611619399135{padding-top: 40px !important;}\u00bb][\/vc_column][vc_column width=\u00bb1\/2&#8243;][vc_column_text css_animation=\u00bbfadeInRight\u00bb]<\/p>\n<h4 dir=\"ltr\"><span style=\"color: #212121; font-size: 1.563em; font-family: 'Helvetica Neue', Helvetica, Roboto, Arial, sans-serif;\">Defos erp<\/span><\/h4>\n<p>Delfos ERP es un proyecto basado en cientos de implantaciones en multitud de empresas de todos los sectores econ\u00f3micos estudiando e incorporando todas las funcionalidades necesarias para la optimizaci\u00f3n de los recursos y procedimientos de una empresa.<\/p>\n<p>La capacidad de adaptaci\u00f3n y el acompa\u00f1amiento de nuestros consultores en el periodo de implantaci\u00f3n garantizan el \u00e9xito y la rentabilidad inmediata.<\/p>\n<p>&nbsp;[\/vc_column_text][vc_btn title=\u00bbVER M\u00c1S\u00bb style=\u00bbgradient-custom\u00bb gradient_custom_color_1=\u00bb#e21b61&#8243; gradient_custom_color_2=\u00bb#ce1849&#8243; link=\u00bburl:https%3A%2F%2Fdlivery.cl%2F\u00bb][\/vc_column][\/vc_row][vc_row vc_row_background=\u00bb\u00bb css=\u00bb.vc_custom_1611618743909{padding-top: 0px !important;background-color: #f4f4f4 !important;}\u00bb][vc_column width=\u00bb1\/2&#8243;][vc_single_image image=\u00bb545&#8243; img_size=\u00bb250&#8243; alignment=\u00bbcenter\u00bb style=\u00bbvc_box_shadow\u00bb css_animation=\u00bbfadeInLeft\u00bb css=\u00bb.vc_custom_1611619438798{padding-top: 55px !important;}\u00bb][\/vc_column][vc_column width=\u00bb1\/2&#8243;][vc_column_text css_animation=\u00bbfadeInRight\u00bb]<\/p>\n<h4 dir=\"ltr\"><span style=\"color: #212121; font-size: 1.563em; font-family: 'Helvetica Neue', Helvetica, Roboto, Arial, sans-serif;\">E Punto<\/span><\/h4>\n<p class=\"CDt4Ke zfr3Q\" dir=\"ltr\">Somos un conjunto de profesionales de diversas \u00e1reas tales como dise\u00f1o web, dise\u00f1o de sistemas, marketing, ventas, publicidad, medios, anal\u00edtica, con amplia experiencia en el desarrollo de soluciones a la medida de los requerimientos de nuestros clientes.<\/p>\n<p>&nbsp;[\/vc_column_text][vc_btn title=\u00bbVER M\u00c1S\u00bb style=\u00bbgradient-custom\u00bb gradient_custom_color_1=\u00bb#e21b61&#8243; gradient_custom_color_2=\u00bb#ce1849&#8243; link=\u00bburl:https%3A%2F%2Fdlivery.cl%2F\u00bb][\/vc_column][\/vc_row][vc_row][vc_column width=\u00bb1\/2&#8243;][vc_single_image image=\u00bb540&#8243; img_size=\u00bb250&#8243; alignment=\u00bbcenter\u00bb style=\u00bbvc_box_shadow\u00bb css_animation=\u00bbfadeInLeft\u00bb css=\u00bb.vc_custom_1611619480528{padding-top: 40px !important;}\u00bb][\/vc_column][vc_column width=\u00bb1\/2&#8243;][vc_column_text css_animation=\u00bbfadeInRight\u00bb]<\/p>\n<h4 dir=\"ltr\"><span style=\"color: #212121; font-size: 1.563em; font-family: 'Helvetica Neue', Helvetica, Roboto, Arial, sans-serif;\">Ipyme Asesor\u00edas Inform\u00e1ticas<\/span><\/h4>\n<p class=\"CDt4Ke zfr3Q\" dir=\"ltr\">Con m\u00e1s de diez a\u00f1os de s\u00f3lida trayectoria, IPYME &#8211; Asesor\u00edas Inform\u00e1ticas Limitada, es una empresa cuyo giro tradicional son los servicios de soporte TI dirigido a las peque\u00f1as y medianas organizaciones.<\/p>\n<p class=\"CDt4Ke zfr3Q\" dir=\"ltr\">Contamos con un grupo de profesionales de excelencia con profundos conocimientos de tecnolog\u00eda inform\u00e1tica, quienes ofrecen soluciones alineadas con las necesidades de cada cliente.<\/p>\n<p>[\/vc_column_text][vc_btn title=\u00bbVER M\u00c1S\u00bb style=\u00bbgradient-custom\u00bb gradient_custom_color_1=\u00bb#e21b61&#8243; gradient_custom_color_2=\u00bb#ce1849&#8243; link=\u00bburl:https%3A%2F%2Fdlivery.cl%2F\u00bb][\/vc_column][\/vc_row]<\/p>\n","protected":false},"excerpt":{"rendered":"<p>[vc_row][vc_column width=\u00bb1\/2&#8243;][vc_single_image image=\u00bb551&#8243; img_size=\u00bb250&#8243; alignment=\u00bbcenter\u00bb style=\u00bbvc_box_shadow\u00bb css_animation=\u00bbfadeInLeft\u00bb css=\u00bb.vc_custom_1611619345912{padding-top: 40px !important;}\u00bb][\/vc_column][vc_column width=\u00bb1\/2&#8243;][vc_column_text css_animation=\u00bbfadeInRight\u00bb] Dlivery Nuestro servicio de delivery est\u00e1 creado y destinado hacia el apoyo de la log\u00edstica a las pymes de Santiago de Chile, que por distintas razones han visto afectadas sus ventas producto de la contingencia pa\u00eds. En este contexto hemos creado dlivery.cl para [&hellip;]<\/p>\n","protected":false},"author":1,"featured_media":0,"parent":0,"menu_order":0,"comment_status":"closed","ping_status":"closed","template":"","meta":[],"_links":{"self":[{"href":"https:\/\/pymegroup.cl\/index.php\/wp-json\/wp\/v2\/pages\/747"}],"collection":[{"href":"https:\/\/pymegroup.cl\/index.php\/wp-json\/wp\/v2\/pages"}],"about":[{"href":"https:\/\/pymegroup.cl\/index.php\/wp-json\/wp\/v2\/types\/page"}],"author":[{"embeddable":true,"href":"https:\/\/pymegroup.cl\/index.php\/wp-json\/wp\/v2\/users\/1"}],"replies":[{"embeddable":true,"href":"https:\/\/pymegroup.cl\/index.php\/wp-json\/wp\/v2\/comments?post=747"}],"version-history":[{"count":23,"href":"https:\/\/pymegroup.cl\/index.php\/wp-json\/wp\/v2\/pages\/747\/revisions"}],"predecessor-version":[{"id":823,"href":"https:\/\/pymegroup.cl\/index.php\/wp-json\/wp\/v2\/pages\/747\/revisions\/823"}],"wp:attachment":[{"href":"https:\/\/pymegroup.cl\/index.php\/wp-json\/wp\/v2\/media?parent=747"}],"curies":[{"name":"wp","href":"https:\/\/api.w.org\/{rel}","templated":true}]}}